{"id":438,"date":"2013-04-08T17:54:12","date_gmt":"2013-04-08T16:54:12","guid":{"rendered":"http:\/\/allaitement-consultante.fr\/wp\/?page_id=438"},"modified":"2015-04-30T11:55:12","modified_gmt":"2015-04-30T10:55:12","slug":"prestations_uk","status":"publish","type":"page","link":"https:\/\/allaitement-consultante.fr\/wp\/prestations_uk\/","title":{"rendered":"Prestations_uk"},"content":{"rendered":"<div class=\"row-fluid\">\n<div class=\"span6\">\n<h3><strong>Prestations propos\u00e9es<\/strong><\/h3>\n<div class=\"modline-outer\"><\/div>\n<p>Pregnant mother or young mother :<br \/>\nI can accompany you throughout breastfeeding from your initial desire through to weaning.<br \/>\nI do home visits to help you find the answers to your questions or solutions to any difficulties you encounter.<br \/>\nA visit usually lasts between one and half and two hours which allows me to observe a full feed with your baby and to discuss possible solutions to any problems or questions you might have.<br \/>\nWe then keep in touch by phone or mail or a second visit may be neccessary depending on the circumstances.<\/p>\n<p>&nbsp;<\/p>\n<\/div>\n<div class=\"span6\">\n<div class=\"info-box-mycustom\" style=\"width: 80%; background-color: #217867;\">\n<h3>Tariff* (en Euros) :<\/h3>\n<ul class=\"list-arrow3 list-red\">\n<li>\n<div style=\"color: #fff;\">Home Visit<small>**<\/small> Monday to Friday : <strong>60<\/strong><\/div>\n<\/li>\n<li>\n<div style=\"color: #fff;\">Home Visit<small>**<\/small> Week End : <strong>70<\/strong><\/div>\n<\/li>\n<li>\n<div style=\"color: #fff;\">Travel expenses : <strong>10 <strong>+<\/strong> 0,45<\/strong> \u20ac\/km<\/div>\n<\/li>\n<\/ul>\n<p>(*) Tariff &#8211; VAT non applicable, article 293 B du code g\u00e9n\u00e9ral des imp\u00f4ts.<br \/>\n(**) Average Visit duration : 1 to 2 hours<\/p>\n<\/div>\n<\/div>\n<\/div>\n","protected":false},"excerpt":{"rendered":"<p>Prestations propos\u00e9es Pregnant mother or young mother : I can accompany you throughout breastfeeding from your initial desire through to weaning. I do home visits to help you find the answers to your questions or solutions to any difficulties you encounter. A visit usually lasts between one and half and two hours which allows me&hellip; <a href=\"https:\/\/allaitement-consultante.fr\/wp\/prestations_uk\/\">Read More<\/a><\/p>\n","protected":false},"author":2,"featured_media":0,"parent":0,"menu_order":0,"comment_status":"closed","ping_status":"open","template":"page-templates\/full-width.php","meta":{"footnotes":""},"class_list":["post-438","page","type-page","status-publish","hentry"],"yoast_head":"<!-- This site is optimized with the Yoast SEO plugin v24.1 - https:\/\/yoast.com\/wordpress\/plugins\/seo\/ -->\n<title>Prestations_uk - PICO Maureen<\/title>\n<meta name=\"robots\" content=\"index, follow, max-snippet:-1, max-image-preview:large, max-video-preview:-1\" \/>\n<link rel=\"canonical\" href=\"https:\/\/allaitement-consultante.fr\/wp\/prestations_uk\/\" \/>\n<meta property=\"og:locale\" content=\"fr_FR\" \/>\n<meta property=\"og:type\" content=\"article\" \/>\n<meta property=\"og:title\" content=\"Prestations_uk - PICO Maureen\" \/>\n<meta property=\"og:description\" content=\"Prestations propos\u00e9es Pregnant mother or young mother : I can accompany you throughout breastfeeding from your initial desire through to weaning. I do home visits to help you find the answers to your questions or solutions to any difficulties you encounter. A visit usually lasts between one and half and two hours which allows me&hellip; Read More\" \/>\n<meta property=\"og:url\" content=\"https:\/\/allaitement-consultante.fr\/wp\/prestations_uk\/\" \/>\n<meta property=\"og:site_name\" content=\"PICO Maureen\" \/>\n<meta property=\"article:modified_time\" content=\"2015-04-30T10:55:12+00:00\" \/>\n<meta name=\"twitter:label1\" content=\"Dur\u00e9e de lecture estim\u00e9e\" \/>\n\t<meta name=\"twitter:data1\" content=\"1 minute\" \/>\n<script type=\"application\/ld+json\" class=\"yoast-schema-graph\">{\"@context\":\"https:\/\/schema.org\",\"@graph\":[{\"@type\":\"WebPage\",\"@id\":\"https:\/\/allaitement-consultante.fr\/wp\/prestations_uk\/\",\"url\":\"https:\/\/allaitement-consultante.fr\/wp\/prestations_uk\/\",\"name\":\"Prestations_uk - PICO Maureen\",\"isPartOf\":{\"@id\":\"https:\/\/allaitement-consultante.fr\/wp\/#website\"},\"datePublished\":\"2013-04-08T16:54:12+00:00\",\"dateModified\":\"2015-04-30T10:55:12+00:00\",\"breadcrumb\":{\"@id\":\"https:\/\/allaitement-consultante.fr\/wp\/prestations_uk\/#breadcrumb\"},\"inLanguage\":\"fr-FR\",\"potentialAction\":[{\"@type\":\"ReadAction\",\"target\":[\"https:\/\/allaitement-consultante.fr\/wp\/prestations_uk\/\"]}]},{\"@type\":\"BreadcrumbList\",\"@id\":\"https:\/\/allaitement-consultante.fr\/wp\/prestations_uk\/#breadcrumb\",\"itemListElement\":[{\"@type\":\"ListItem\",\"position\":1,\"name\":\"Accueil\",\"item\":\"https:\/\/allaitement-consultante.fr\/wp\/home\/\"},{\"@type\":\"ListItem\",\"position\":2,\"name\":\"Prestations_uk\"}]},{\"@type\":\"WebSite\",\"@id\":\"https:\/\/allaitement-consultante.fr\/wp\/#website\",\"url\":\"https:\/\/allaitement-consultante.fr\/wp\/\",\"name\":\"PICO Maureen\",\"description\":\"site d&#039;aide \u00e0 l&#039;allaitement - Consultante en lactation\",\"potentialAction\":[{\"@type\":\"SearchAction\",\"target\":{\"@type\":\"EntryPoint\",\"urlTemplate\":\"https:\/\/allaitement-consultante.fr\/wp\/?s={search_term_string}\"},\"query-input\":{\"@type\":\"PropertyValueSpecification\",\"valueRequired\":true,\"valueName\":\"search_term_string\"}}],\"inLanguage\":\"fr-FR\"}]}<\/script>\n<!-- \/ Yoast SEO plugin. -->","yoast_head_json":{"title":"Prestations_uk - PICO Maureen","robots":{"index":"index","follow":"follow","max-snippet":"max-snippet:-1","max-image-preview":"max-image-preview:large","max-video-preview":"max-video-preview:-1"},"canonical":"https:\/\/allaitement-consultante.fr\/wp\/prestations_uk\/","og_locale":"fr_FR","og_type":"article","og_title":"Prestations_uk - PICO Maureen","og_description":"Prestations propos\u00e9es Pregnant mother or young mother : I can accompany you throughout breastfeeding from your initial desire through to weaning. I do home visits to help you find the answers to your questions or solutions to any difficulties you encounter. A visit usually lasts between one and half and two hours which allows me&hellip; Read More","og_url":"https:\/\/allaitement-consultante.fr\/wp\/prestations_uk\/","og_site_name":"PICO Maureen","article_modified_time":"2015-04-30T10:55:12+00:00","twitter_misc":{"Dur\u00e9e de lecture estim\u00e9e":"1 minute"},"schema":{"@context":"https:\/\/schema.org","@graph":[{"@type":"WebPage","@id":"https:\/\/allaitement-consultante.fr\/wp\/prestations_uk\/","url":"https:\/\/allaitement-consultante.fr\/wp\/prestations_uk\/","name":"Prestations_uk - PICO Maureen","isPartOf":{"@id":"https:\/\/allaitement-consultante.fr\/wp\/#website"},"datePublished":"2013-04-08T16:54:12+00:00","dateModified":"2015-04-30T10:55:12+00:00","breadcrumb":{"@id":"https:\/\/allaitement-consultante.fr\/wp\/prestations_uk\/#breadcrumb"},"inLanguage":"fr-FR","potentialAction":[{"@type":"ReadAction","target":["https:\/\/allaitement-consultante.fr\/wp\/prestations_uk\/"]}]},{"@type":"BreadcrumbList","@id":"https:\/\/allaitement-consultante.fr\/wp\/prestations_uk\/#breadcrumb","itemListElement":[{"@type":"ListItem","position":1,"name":"Accueil","item":"https:\/\/allaitement-consultante.fr\/wp\/home\/"},{"@type":"ListItem","position":2,"name":"Prestations_uk"}]},{"@type":"WebSite","@id":"https:\/\/allaitement-consultante.fr\/wp\/#website","url":"https:\/\/allaitement-consultante.fr\/wp\/","name":"PICO Maureen","description":"site d&#039;aide \u00e0 l&#039;allaitement - Consultante en lactation","potentialAction":[{"@type":"SearchAction","target":{"@type":"EntryPoint","urlTemplate":"https:\/\/allaitement-consultante.fr\/wp\/?s={search_term_string}"},"query-input":{"@type":"PropertyValueSpecification","valueRequired":true,"valueName":"search_term_string"}}],"inLanguage":"fr-FR"}]}},"_links":{"self":[{"href":"https:\/\/allaitement-consultante.fr\/wp\/wp-json\/wp\/v2\/pages\/438","targetHints":{"allow":["GET"]}}],"collection":[{"href":"https:\/\/allaitement-consultante.fr\/wp\/wp-json\/wp\/v2\/pages"}],"about":[{"href":"https:\/\/allaitement-consultante.fr\/wp\/wp-json\/wp\/v2\/types\/page"}],"author":[{"embeddable":true,"href":"https:\/\/allaitement-consultante.fr\/wp\/wp-json\/wp\/v2\/users\/2"}],"replies":[{"embeddable":true,"href":"https:\/\/allaitement-consultante.fr\/wp\/wp-json\/wp\/v2\/comments?post=438"}],"version-history":[{"count":14,"href":"https:\/\/allaitement-consultante.fr\/wp\/wp-json\/wp\/v2\/pages\/438\/revisions"}],"predecessor-version":[{"id":695,"href":"https:\/\/allaitement-consultante.fr\/wp\/wp-json\/wp\/v2\/pages\/438\/revisions\/695"}],"wp:attachment":[{"href":"https:\/\/allaitement-consultante.fr\/wp\/wp-json\/wp\/v2\/media?parent=438"}],"curies":[{"name":"wp","href":"https:\/\/api.w.org\/{rel}","templated":true}]}}